{"id":3761,"date":"2026-01-29T07:14:32","date_gmt":"2026-01-29T07:14:32","guid":{"rendered":"https:\/\/nurnil.com\/?post_type=product&#038;p=3761"},"modified":"2026-04-06T12:39:30","modified_gmt":"2026-04-06T12:39:30","slug":"b-fork","status":"publish","type":"product","link":"https:\/\/nurnil.com\/en\/product\/b-fork\/","title":{"rendered":"B Fork"},"content":{"rendered":"<h2>Plastik \u00c7atal- B Serisi \u2013 Nur Nil<\/h2>\n<p>Plastik \u00c7atal- B Serisi, Nur Nil markas\u0131 g\u00fcvencesiyle \u00fcretilmi\u015f, catering, horeca ve toplu kullan\u0131m alanlar\u0131 i\u00e7in uygundur. Dayan\u0131kl\u0131 yap\u0131s\u0131, dengeli formu ve pratik kullan\u0131m\u0131 sayesinde profesyonel mutfaklarda tercih edilmektedir.<\/p>\n<h3>Kullan\u0131m Alanlar\u0131<\/h3>\n<ul>\n<li>Catering ve organizasyon firmalar\u0131<\/li>\n<li>Restoran, kafe ve oteller<\/li>\n<li>Parti ve etkinlikler<\/li>\n<li>Paket servis ve toplu t\u00fcketim<\/li>\n<\/ul>\n<h3>Nur Nil Kalitesi<\/h3>\n<p>Nur Nil \u00fcr\u00fcnleri, kalite standartlar\u0131na uygun olarak \u00fcretilir. Fonksiyonel tasar\u0131m\u0131 ve kullan\u0131m kolayl\u0131\u011f\u0131 ile i\u015fletmeler i\u00e7in ideal \u00e7\u00f6z\u00fcmler sunar.<\/p>\n","protected":false},"excerpt":{"rendered":"<div id=\"nr-product-spec\">\n<table>\n<tbody>\n<tr>\n<td><strong>Reference<\/strong><\/td>\n<td>NUR-CT-B<\/td>\n<\/tr>\n<tr>\n<td><strong>Length<\/strong><\/td>\n<td>\u2013<\/td>\n<\/tr>\n<tr>\n<td><strong>Capacity<\/strong><\/td>\n<td>\u2013<\/td>\n<\/tr>\n<tr>\n<td><strong>Material<\/strong><\/td>\n<td>PS<\/td>\n<\/tr>\n<tr>\n<td><strong>Weight<\/strong><\/td>\n<td>\u2013<\/td>\n<\/tr>\n<tr>\n<td><strong>Color<\/strong><\/td>\n<td>\u2013<\/td>\n<\/tr>\n<tr>\n<td><b>Reusable<\/b><\/td>\n<td>\u2013<\/td>\n<\/tr>\n<tr>\n<td><strong>Recycable<\/strong><\/td>\n<td>\u2013<\/td>\n<\/tr>\n<tr>\n<td><strong>Category<\/strong><\/td>\n<td><\/td>\n<\/tr>\n<\/tbody>\n<\/table>\n<\/div>\n","protected":false},"featured_media":4094,"comment_status":"open","ping_status":"closed","template":"","meta":[],"product_brand":[],"product_cat":[149,121],"product_tag":[],"class_list":{"0":"post-3761","1":"product","2":"type-product","3":"status-publish","4":"has-post-thumbnail","6":"product_cat-b-series","7":"product_cat-forks-knives-spoons","9":"first","10":"instock","11":"shipping-taxable","12":"product-type-simple"},"_links":{"self":[{"href":"https:\/\/nurnil.com\/en\/wp-json\/wp\/v2\/product\/3761","targetHints":{"allow":["GET"]}}],"collection":[{"href":"https:\/\/nurnil.com\/en\/wp-json\/wp\/v2\/product"}],"about":[{"href":"https:\/\/nurnil.com\/en\/wp-json\/wp\/v2\/types\/product"}],"replies":[{"embeddable":true,"href":"https:\/\/nurnil.com\/en\/wp-json\/wp\/v2\/comments?post=3761"}],"version-history":[{"count":3,"href":"https:\/\/nurnil.com\/en\/wp-json\/wp\/v2\/product\/3761\/revisions"}],"predecessor-version":[{"id":3796,"href":"https:\/\/nurnil.com\/en\/wp-json\/wp\/v2\/product\/3761\/revisions\/3796"}],"wp:featuredmedia":[{"embeddable":true,"href":"https:\/\/nurnil.com\/en\/wp-json\/wp\/v2\/media\/4094"}],"wp:attachment":[{"href":"https:\/\/nurnil.com\/en\/wp-json\/wp\/v2\/media?parent=3761"}],"wp:term":[{"taxonomy":"product_brand","embeddable":true,"href":"https:\/\/nurnil.com\/en\/wp-json\/wp\/v2\/product_brand?post=3761"},{"taxonomy":"product_cat","embeddable":true,"href":"https:\/\/nurnil.com\/en\/wp-json\/wp\/v2\/product_cat?post=3761"},{"taxonomy":"product_tag","embeddable":true,"href":"https:\/\/nurnil.com\/en\/wp-json\/wp\/v2\/product_tag?post=3761"}],"curies":[{"name":"wp","href":"https:\/\/api.w.org\/{rel}","templated":true}]}}