{"id":3547,"date":"2026-01-13T18:26:41","date_gmt":"2026-01-13T18:26:41","guid":{"rendered":"https:\/\/nurnil.com\/?post_type=product&#038;p=3547"},"modified":"2026-05-13T06:12:26","modified_gmt":"2026-05-13T06:12:26","slug":"lux-spoon","status":"publish","type":"product","link":"https:\/\/nurnil.com\/en\/product\/lux-spoon\/","title":{"rendered":"Lux Spoon"},"content":{"rendered":"<p data-start=\"71\" data-end=\"270\"><strong data-start=\"71\" data-end=\"87\">Lux Spoon<\/strong> is a practical product in the spoon category within the Nur Nil product range. It is suitable for mass-consumption areas, event organizations, and takeaway food service operations.<\/p>\n<h3 data-start=\"272\" data-end=\"290\">Key Highlights<\/h3>\n<ul data-start=\"291\" data-end=\"492\">\n<li data-start=\"291\" data-end=\"330\">\n<p data-start=\"293\" data-end=\"330\">Easy to use and convenient to carry<\/p>\n<\/li>\n<li data-start=\"331\" data-end=\"391\">\n<p data-start=\"333\" data-end=\"391\">Supports fast service flow in mass-consumption scenarios<\/p>\n<\/li>\n<li data-start=\"392\" data-end=\"449\">\n<p data-start=\"394\" data-end=\"449\">Simple and clear product definition for corporate use<\/p>\n<\/li>\n<li data-start=\"450\" data-end=\"492\">\n<p data-start=\"452\" data-end=\"492\">Technical size \/ weight: 3.5 g, 180 mm<\/p>\n<\/li>\n<\/ul>\n<h3 data-start=\"494\" data-end=\"510\">Areas of Use<\/h3>\n<p data-start=\"511\" data-end=\"803\" data-is-last-node=\"\" data-is-only-node=\"\">When selecting products for restaurant and caf\u00e9 takeaway services, catering companies, office refreshments, and event\/organization sets, size and form factor are key determining factors based on operational needs. This product can be evaluated according to your service standards.<\/p>\n","protected":false},"excerpt":{"rendered":"<p>Nur Nil ka\u015f\u0131k \u00fcr\u00fcn\u00fc: L\u00fcks Ka\u015f\u0131k.<\/p>\n<div id=\"nr-product-spec\">\n<table>\n<tbody>\n<tr>\n<td><strong>Reference<\/strong><\/td>\n<td>NURNIL-LUX-SPOON-009<\/td>\n<\/tr>\n<tr>\n<td><strong>Size<\/strong><\/td>\n<td>180 mm<\/td>\n<\/tr>\n<tr>\n<td><strong>Capacity<\/strong><\/td>\n<td>\u2013<\/td>\n<\/tr>\n<tr>\n<td><strong>Material<\/strong><\/td>\n<td>PS<\/td>\n<\/tr>\n<tr>\n<td><strong>Weight<\/strong><\/td>\n<td>3.5 g<\/td>\n<\/tr>\n<tr>\n<td><strong>Color<\/strong><\/td>\n<td>\u2013<\/td>\n<\/tr>\n<tr>\n<td><strong>Printing Method<\/strong><\/td>\n<td>\u2013<\/td>\n<\/tr>\n<tr>\n<td><strong>Quantity per Carton<\/strong><\/td>\n<td>\u2013<\/td>\n<\/tr>\n<tr>\n<td><strong>Reusable<\/strong><\/td>\n<td>YES<\/td>\n<\/tr>\n<tr>\n<td><strong>Recyclable<\/strong><\/td>\n<td>YES<\/td>\n<\/tr>\n<tr>\n<td><strong>Category<\/strong><\/td>\n<td>Catering, Party, Disposable<\/td>\n<\/tr>\n<\/tbody>\n<\/table>\n<\/div>\n","protected":false},"featured_media":4206,"comment_status":"open","ping_status":"closed","template":"","meta":[],"product_brand":[],"product_cat":[121,151],"product_tag":[],"class_list":{"0":"post-3547","1":"product","2":"type-product","3":"status-publish","4":"has-post-thumbnail","6":"product_cat-forks-knives-spoons","7":"product_cat-luxury-series","9":"first","10":"instock","11":"shipping-taxable","12":"product-type-simple"},"_links":{"self":[{"href":"https:\/\/nurnil.com\/en\/wp-json\/wp\/v2\/product\/3547","targetHints":{"allow":["GET"]}}],"collection":[{"href":"https:\/\/nurnil.com\/en\/wp-json\/wp\/v2\/product"}],"about":[{"href":"https:\/\/nurnil.com\/en\/wp-json\/wp\/v2\/types\/product"}],"replies":[{"embeddable":true,"href":"https:\/\/nurnil.com\/en\/wp-json\/wp\/v2\/comments?post=3547"}],"version-history":[{"count":3,"href":"https:\/\/nurnil.com\/en\/wp-json\/wp\/v2\/product\/3547\/revisions"}],"predecessor-version":[{"id":3894,"href":"https:\/\/nurnil.com\/en\/wp-json\/wp\/v2\/product\/3547\/revisions\/3894"}],"wp:featuredmedia":[{"embeddable":true,"href":"https:\/\/nurnil.com\/en\/wp-json\/wp\/v2\/media\/4206"}],"wp:attachment":[{"href":"https:\/\/nurnil.com\/en\/wp-json\/wp\/v2\/media?parent=3547"}],"wp:term":[{"taxonomy":"product_brand","embeddable":true,"href":"https:\/\/nurnil.com\/en\/wp-json\/wp\/v2\/product_brand?post=3547"},{"taxonomy":"product_cat","embeddable":true,"href":"https:\/\/nurnil.com\/en\/wp-json\/wp\/v2\/product_cat?post=3547"},{"taxonomy":"product_tag","embeddable":true,"href":"https:\/\/nurnil.com\/en\/wp-json\/wp\/v2\/product_tag?post=3547"}],"curies":[{"name":"wp","href":"https:\/\/api.w.org\/{rel}","templated":true}]}}