{"id":3529,"date":"2026-01-13T18:26:44","date_gmt":"2026-01-13T18:26:44","guid":{"rendered":"https:\/\/nurnil.com\/?post_type=product&#038;p=3529"},"modified":"2026-02-03T14:01:06","modified_gmt":"2026-02-03T14:01:06","slug":"a1-spoon","status":"publish","type":"product","link":"https:\/\/nurnil.com\/en\/product\/a1-spoon\/","title":{"rendered":"A1 Spoon"},"content":{"rendered":"<p data-start=\"52\" data-end=\"245\"><strong data-start=\"52\" data-end=\"64\">A1 Spoon<\/strong> is a practical product in the spoon category within the Nur Nil product range. It is suitable for mass-consumption areas, event organizations, and takeaway food service operations.<\/p>\n<h3 data-start=\"247\" data-end=\"265\">Key Highlights<\/h3>\n<ul data-start=\"266\" data-end=\"467\">\n<li data-start=\"266\" data-end=\"305\">\n<p data-start=\"268\" data-end=\"305\">Easy to use and convenient to carry<\/p>\n<\/li>\n<li data-start=\"306\" data-end=\"366\">\n<p data-start=\"308\" data-end=\"366\">Supports fast service flow in mass-consumption scenarios<\/p>\n<\/li>\n<li data-start=\"367\" data-end=\"424\">\n<p data-start=\"369\" data-end=\"424\">Simple and clear product definition for corporate use<\/p>\n<\/li>\n<li data-start=\"425\" data-end=\"467\">\n<p data-start=\"427\" data-end=\"467\">Technical size \/ weight: 5.5 g, 195 mm<\/p>\n<\/li>\n<\/ul>\n<h3 data-start=\"469\" data-end=\"485\">Areas of Use<\/h3>\n<p data-start=\"486\" data-end=\"778\">When selecting products for restaurant and caf\u00e9 takeaway services, catering companies, office refreshments, and event\/organization sets, size and form factor are key determining factors based on operational needs. This product can be evaluated according to your operation\u2019s service standards.<\/p>\n","protected":false},"excerpt":{"rendered":"<p>Nur Nil ka\u015f\u0131k \u00fcr\u00fcn\u00fc: A1 Ka\u015f\u0131k.<\/p>\n<div id=\"nr-product-spec\">\n<table>\n<tbody>\n<tr>\n<td><strong>Reference<\/strong><\/td>\n<td>NURNIL-A1-SPOON-016<\/td>\n<\/tr>\n<tr>\n<td><strong>Size<\/strong><\/td>\n<td>195 mm<\/td>\n<\/tr>\n<tr>\n<td><strong>Capacity<\/strong><\/td>\n<td>\u2013<\/td>\n<\/tr>\n<tr>\n<td><strong>Material<\/strong><\/td>\n<td>PS<\/td>\n<\/tr>\n<tr>\n<td><strong>Weight<\/strong><\/td>\n<td>5.5 g<\/td>\n<\/tr>\n<tr>\n<td><strong>Color<\/strong><\/td>\n<td>\u2013<\/td>\n<\/tr>\n<tr>\n<td><strong>Printing Method<\/strong><\/td>\n<td>\u2013<\/td>\n<\/tr>\n<tr>\n<td><strong>Quantity per Carton<\/strong><\/td>\n<td>\u2013<\/td>\n<\/tr>\n<tr>\n<td><strong>Reusable<\/strong><\/td>\n<td>YES<\/td>\n<\/tr>\n<tr>\n<td><strong>Recyclable<\/strong><\/td>\n<td>YES<\/td>\n<\/tr>\n<tr>\n<td><strong>Category<\/strong><\/td>\n<td>Catering, Party, Disposable<\/td>\n<\/tr>\n<\/tbody>\n<\/table>\n<\/div>\n","protected":false},"featured_media":3833,"comment_status":"open","ping_status":"closed","template":"","meta":[],"product_brand":[],"product_cat":[147,121],"product_tag":[],"class_list":{"0":"post-3529","1":"product","2":"type-product","3":"status-publish","4":"has-post-thumbnail","6":"product_cat-a1-series","7":"product_cat-forks-knives-spoons","9":"first","10":"instock","11":"shipping-taxable","12":"product-type-simple"},"_links":{"self":[{"href":"https:\/\/nurnil.com\/en\/wp-json\/wp\/v2\/product\/3529","targetHints":{"allow":["GET"]}}],"collection":[{"href":"https:\/\/nurnil.com\/en\/wp-json\/wp\/v2\/product"}],"about":[{"href":"https:\/\/nurnil.com\/en\/wp-json\/wp\/v2\/types\/product"}],"replies":[{"embeddable":true,"href":"https:\/\/nurnil.com\/en\/wp-json\/wp\/v2\/comments?post=3529"}],"version-history":[{"count":3,"href":"https:\/\/nurnil.com\/en\/wp-json\/wp\/v2\/product\/3529\/revisions"}],"predecessor-version":[{"id":3876,"href":"https:\/\/nurnil.com\/en\/wp-json\/wp\/v2\/product\/3529\/revisions\/3876"}],"wp:featuredmedia":[{"embeddable":true,"href":"https:\/\/nurnil.com\/en\/wp-json\/wp\/v2\/media\/3833"}],"wp:attachment":[{"href":"https:\/\/nurnil.com\/en\/wp-json\/wp\/v2\/media?parent=3529"}],"wp:term":[{"taxonomy":"product_brand","embeddable":true,"href":"https:\/\/nurnil.com\/en\/wp-json\/wp\/v2\/product_brand?post=3529"},{"taxonomy":"product_cat","embeddable":true,"href":"https:\/\/nurnil.com\/en\/wp-json\/wp\/v2\/product_cat?post=3529"},{"taxonomy":"product_tag","embeddable":true,"href":"https:\/\/nurnil.com\/en\/wp-json\/wp\/v2\/product_tag?post=3529"}],"curies":[{"name":"wp","href":"https:\/\/api.w.org\/{rel}","templated":true}]}}