{"id":3519,"date":"2026-01-13T18:26:46","date_gmt":"2026-01-13T18:26:46","guid":{"rendered":"https:\/\/nurnil.com\/?post_type=product&#038;p=3519"},"modified":"2026-02-27T09:18:04","modified_gmt":"2026-02-27T09:18:04","slug":"platinum-knife","status":"publish","type":"product","link":"https:\/\/nurnil.com\/en\/product\/platinum-knife\/","title":{"rendered":"Platinum Knife"},"content":{"rendered":"<div class=\"flex flex-col text-sm\">\n<article class=\"text-token-text-primary w-full focus:outline-none [--shadow-height:45px] has-data-writing-block:pointer-events-none has-data-writing-block:-mt-(--shadow-height) has-data-writing-block:pt-(--shadow-height) [&amp;:has([data-writing-block])&gt;*]:pointer-events-auto scroll-mt-[calc(var(--header-height)+min(200px,max(70px,20svh)))]\" dir=\"auto\" data-turn-id=\"request-WEB:d94c061e-e8a0-4124-8cb9-28c464cdc939-5\" data-testid=\"conversation-turn-12\" data-scroll-anchor=\"true\" data-turn=\"assistant\">\n<div class=\"text-base my-auto mx-auto pb-10 [--thread-content-margin:--spacing(4)] @w-sm\/main:[--thread-content-margin:--spacing(6)] @w-lg\/main:[--thread-content-margin:--spacing(16)] px-(--thread-content-margin)\">\n<div class=\"[--thread-content-max-width:40rem] @w-lg\/main:[--thread-content-max-width:48rem] mx-auto max-w-(--thread-content-max-width) flex-1 group\/turn-messages focus-visible:outline-hidden relative flex w-full min-w-0 flex-col agent-turn\">\n<div class=\"flex max-w-full flex-col grow\">\n<div class=\"min-h-8 text-message relative flex w-full flex-col items-end gap-2 text-start break-words whitespace-normal [.text-message+&amp;]:mt-1\" dir=\"auto\" data-message-author-role=\"assistant\" data-message-id=\"81435928-103c-4115-bc7a-71eda3a142fe\" data-message-model-slug=\"gpt-5-2\">\n<div class=\"flex w-full flex-col gap-1 empty:hidden first:pt-[1px]\">\n<div class=\"markdown prose dark:prose-invert w-full wrap-break-word light markdown-new-styling\">\n<p data-start=\"0\" data-end=\"161\">Platinum Knife is a practical product in the Nur Nil product range. It can be preferred for mass consumption areas, event organizations, and takeaway operations.<\/p>\n<h2 data-start=\"163\" data-end=\"175\"><strong>Key Features<\/strong><\/h2>\n<ul>\n<li data-start=\"177\" data-end=\"215\">Easy-to-use and easy-to-carry design<\/li>\n<li data-start=\"217\" data-end=\"282\">Supports fast service flow in high-volume consumption scenarios<\/li>\n<li data-start=\"284\" data-end=\"349\">Simple and clear product description suitable for corporate use<\/li>\n<li data-start=\"351\" data-end=\"392\">Technical size \/ weight: 11.9 g, 215 mm<\/li>\n<\/ul>\n<h2 data-start=\"394\" data-end=\"406\"><strong>Areas of Use<\/strong><\/h2>\n<p data-start=\"408\" data-end=\"693\" data-is-last-node=\"\" data-is-only-node=\"\">When selecting products for areas such as restaurant and caf\u00e9 takeaway services, catering companies, office refreshments, and event\/organization sets, size and form factor should be determined according to need. You can utilize this product based on your operation\u2019s service standards.<\/p>\n<\/div>\n<\/div>\n<\/div>\n<\/div>\n<div class=\"z-0 flex min-h-[46px] justify-start\"><\/div>\n<\/div>\n<\/div>\n<\/article>\n<\/div>\n<div class=\"pointer-events-none h-px w-px absolute bottom-0\" aria-hidden=\"true\" data-edge=\"true\"><\/div>\n","protected":false},"excerpt":{"rendered":"<p>Nur Nil b\u0131\u00e7ak \u00fcr\u00fcn\u00fc: Platinum\u00a0 B\u0131\u00e7ak.<\/p>\n<div id=\"nr-product-spec\">\n<table>\n<tbody>\n<tr>\n<td><strong>Reference<\/strong><\/td>\n<td>NURNIL-PLATINUM-KNIFE-021<\/td>\n<\/tr>\n<tr>\n<td><strong>Length<\/strong><\/td>\n<td>215 mm<\/td>\n<\/tr>\n<tr>\n<td><strong>Material<\/strong><\/td>\n<td>PS<\/td>\n<\/tr>\n<tr>\n<td><strong>Weigth<\/strong><\/td>\n<td>11,9 gr<\/td>\n<\/tr>\n<tr>\n<td><strong>Color<\/strong><\/td>\n<td>&#8211;<\/td>\n<\/tr>\n<tr>\n<td><strong>Reusable<\/strong><\/td>\n<td>YES<\/td>\n<\/tr>\n<tr>\n<td><strong>Recyclable<\/strong><\/td>\n<td>YES<\/td>\n<\/tr>\n<tr>\n<td><strong>Category<\/strong><\/td>\n<td>Catering, Party<\/td>\n<\/tr>\n<\/tbody>\n<\/table>\n<\/div>\n","protected":false},"featured_media":3864,"comment_status":"open","ping_status":"closed","template":"","meta":[],"product_brand":[],"product_cat":[121,120],"product_tag":[],"class_list":{"0":"post-3519","1":"product","2":"type-product","3":"status-publish","4":"has-post-thumbnail","6":"product_cat-forks-knives-spoons","7":"product_cat-platinum-seri","9":"first","10":"instock","11":"shipping-taxable","12":"product-type-simple"},"_links":{"self":[{"href":"https:\/\/nurnil.com\/en\/wp-json\/wp\/v2\/product\/3519","targetHints":{"allow":["GET"]}}],"collection":[{"href":"https:\/\/nurnil.com\/en\/wp-json\/wp\/v2\/product"}],"about":[{"href":"https:\/\/nurnil.com\/en\/wp-json\/wp\/v2\/types\/product"}],"replies":[{"embeddable":true,"href":"https:\/\/nurnil.com\/en\/wp-json\/wp\/v2\/comments?post=3519"}],"version-history":[{"count":3,"href":"https:\/\/nurnil.com\/en\/wp-json\/wp\/v2\/product\/3519\/revisions"}],"predecessor-version":[{"id":3949,"href":"https:\/\/nurnil.com\/en\/wp-json\/wp\/v2\/product\/3519\/revisions\/3949"}],"wp:featuredmedia":[{"embeddable":true,"href":"https:\/\/nurnil.com\/en\/wp-json\/wp\/v2\/media\/3864"}],"wp:attachment":[{"href":"https:\/\/nurnil.com\/en\/wp-json\/wp\/v2\/media?parent=3519"}],"wp:term":[{"taxonomy":"product_brand","embeddable":true,"href":"https:\/\/nurnil.com\/en\/wp-json\/wp\/v2\/product_brand?post=3519"},{"taxonomy":"product_cat","embeddable":true,"href":"https:\/\/nurnil.com\/en\/wp-json\/wp\/v2\/product_cat?post=3519"},{"taxonomy":"product_tag","embeddable":true,"href":"https:\/\/nurnil.com\/en\/wp-json\/wp\/v2\/product_tag?post=3519"}],"curies":[{"name":"wp","href":"https:\/\/api.w.org\/{rel}","templated":true}]}}