{"id":3517,"date":"2026-01-13T18:26:46","date_gmt":"2026-01-13T18:26:46","guid":{"rendered":"https:\/\/nurnil.com\/?post_type=product&#038;p=3517"},"modified":"2026-02-27T09:11:29","modified_gmt":"2026-02-27T09:11:29","slug":"platinum-tea-spoon","status":"publish","type":"product","link":"https:\/\/nurnil.com\/en\/product\/platinum-tea-spoon\/","title":{"rendered":"Platinum Tea Spoon"},"content":{"rendered":"<div class=\"flex flex-col text-sm\">\n<article class=\"text-token-text-primary w-full focus:outline-none [--shadow-height:45px] has-data-writing-block:pointer-events-none has-data-writing-block:-mt-(--shadow-height) has-data-writing-block:pt-(--shadow-height) [&amp;:has([data-writing-block])&gt;*]:pointer-events-auto scroll-mt-[calc(var(--header-height)+min(200px,max(70px,20svh)))]\" dir=\"auto\" data-turn-id=\"request-WEB:d94c061e-e8a0-4124-8cb9-28c464cdc939-2\" data-testid=\"conversation-turn-6\" data-scroll-anchor=\"true\" data-turn=\"assistant\">\n<div class=\"text-base my-auto mx-auto pb-10 [--thread-content-margin:--spacing(4)] @w-sm\/main:[--thread-content-margin:--spacing(6)] @w-lg\/main:[--thread-content-margin:--spacing(16)] px-(--thread-content-margin)\">\n<div class=\"[--thread-content-max-width:40rem] @w-lg\/main:[--thread-content-max-width:48rem] mx-auto max-w-(--thread-content-max-width) flex-1 group\/turn-messages focus-visible:outline-hidden relative flex w-full min-w-0 flex-col agent-turn\">\n<div class=\"flex max-w-full flex-col grow\">\n<div class=\"min-h-8 text-message relative flex w-full flex-col items-end gap-2 text-start break-words whitespace-normal [.text-message+&amp;]:mt-1\" dir=\"auto\" data-message-author-role=\"assistant\" data-message-id=\"798662ae-bbf0-4303-9b8e-8ce8fc30ca23\" data-message-model-slug=\"gpt-5-2\">\n<div class=\"flex w-full flex-col gap-1 empty:hidden first:pt-[1px]\">\n<div class=\"markdown prose dark:prose-invert w-full wrap-break-word light markdown-new-styling\">\n<p data-start=\"0\" data-end=\"219\">Platinum Teaspoon is a practical product in\u00a0 <span class=\"hover:entity-accent entity-underline inline cursor-pointer align-baseline\"><span class=\"whitespace-normal\">Nur Nil<\/span><\/span> product range. It can be preferred for mass consumption areas, event organizations, and takeaway operations.<\/p>\n<h3 data-start=\"221\" data-end=\"239\"><strong data-start=\"221\" data-end=\"237\">Key Features<\/strong><\/h3>\n<ul data-start=\"240\" data-end=\"460\">\n<li data-start=\"240\" data-end=\"280\">\n<p data-start=\"242\" data-end=\"280\">Easy-to-use and easy-to-carry design<\/p>\n<\/li>\n<li data-start=\"281\" data-end=\"348\">\n<p data-start=\"283\" data-end=\"348\">Supports fast service flow in high-volume consumption scenarios<\/p>\n<\/li>\n<li data-start=\"349\" data-end=\"416\">\n<p data-start=\"351\" data-end=\"416\">Simple and clear product description suitable for corporate use<\/p>\n<\/li>\n<li data-start=\"417\" data-end=\"460\">\n<p data-start=\"419\" data-end=\"460\">Technical size \/ weight: 4.35 g, 145 mm<\/p>\n<\/li>\n<\/ul>\n<h3 data-start=\"462\" data-end=\"480\"><strong data-start=\"462\" data-end=\"478\">Areas of Use<\/strong><\/h3>\n<p data-start=\"482\" data-end=\"768\" data-is-last-node=\"\" data-is-only-node=\"\">When selecting products for areas such as restaurant and caf\u00e9 takeaway services, catering companies, office refreshments, and event\/organization sets, size and form factor should be determined according to need. You can utilize this product based on your operation\u2019s service standards.<\/p>\n<\/div>\n<\/div>\n<\/div>\n<\/div>\n<\/div>\n<\/div>\n<\/article>\n<\/div>\n","protected":false},"excerpt":{"rendered":"<p>Nur Nil \u00fcr\u00fcnler \u00fcr\u00fcn\u00fc: Platinum \u00c7ay Ka\u015f\u0131\u011f\u0131.<\/p>\n<div id=\"nr-product-spec\">\n<table>\n<tbody>\n<tr>\n<td><strong>Reference<\/strong><\/td>\n<td>NURNIL-PLATINUM-TEA-SPOON-022<\/td>\n<\/tr>\n<tr>\n<td><strong>Length<\/strong><\/td>\n<td>145 mm<\/td>\n<\/tr>\n<tr>\n<td><strong>Material<\/strong><\/td>\n<td>PS<\/td>\n<\/tr>\n<tr>\n<td><strong>Weight<\/strong><\/td>\n<td>4,35 gr<\/td>\n<\/tr>\n<tr>\n<td><strong>Color<\/strong><\/td>\n<td>&#8211;<\/td>\n<\/tr>\n<tr>\n<td><strong>Reusable<\/strong><\/td>\n<td>YES<\/td>\n<\/tr>\n<tr>\n<td><strong>Recylable<\/strong><\/td>\n<td>YES<\/td>\n<\/tr>\n<tr>\n<td><strong>Category<\/strong><\/td>\n<td>Catering<\/td>\n<\/tr>\n<\/tbody>\n<\/table>\n<\/div>\n","protected":false},"featured_media":3859,"comment_status":"open","ping_status":"closed","template":"","meta":[],"product_brand":[],"product_cat":[154,121,120],"product_tag":[],"class_list":{"0":"post-3517","1":"product","2":"type-product","3":"status-publish","4":"has-post-thumbnail","6":"product_cat-dessert-tea-spoons","7":"product_cat-forks-knives-spoons","8":"product_cat-platinum-seri","10":"first","11":"instock","12":"shipping-taxable","13":"product-type-simple"},"_links":{"self":[{"href":"https:\/\/nurnil.com\/en\/wp-json\/wp\/v2\/product\/3517","targetHints":{"allow":["GET"]}}],"collection":[{"href":"https:\/\/nurnil.com\/en\/wp-json\/wp\/v2\/product"}],"about":[{"href":"https:\/\/nurnil.com\/en\/wp-json\/wp\/v2\/types\/product"}],"replies":[{"embeddable":true,"href":"https:\/\/nurnil.com\/en\/wp-json\/wp\/v2\/comments?post=3517"}],"version-history":[{"count":3,"href":"https:\/\/nurnil.com\/en\/wp-json\/wp\/v2\/product\/3517\/revisions"}],"predecessor-version":[{"id":3947,"href":"https:\/\/nurnil.com\/en\/wp-json\/wp\/v2\/product\/3517\/revisions\/3947"}],"wp:featuredmedia":[{"embeddable":true,"href":"https:\/\/nurnil.com\/en\/wp-json\/wp\/v2\/media\/3859"}],"wp:attachment":[{"href":"https:\/\/nurnil.com\/en\/wp-json\/wp\/v2\/media?parent=3517"}],"wp:term":[{"taxonomy":"product_brand","embeddable":true,"href":"https:\/\/nurnil.com\/en\/wp-json\/wp\/v2\/product_brand?post=3517"},{"taxonomy":"product_cat","embeddable":true,"href":"https:\/\/nurnil.com\/en\/wp-json\/wp\/v2\/product_cat?post=3517"},{"taxonomy":"product_tag","embeddable":true,"href":"https:\/\/nurnil.com\/en\/wp-json\/wp\/v2\/product_tag?post=3517"}],"curies":[{"name":"wp","href":"https:\/\/api.w.org\/{rel}","templated":true}]}}