{"id":2500,"date":"2025-11-19T14:12:04","date_gmt":"2025-11-19T14:12:04","guid":{"rendered":"https:\/\/nurnil.com\/hakkimizda\/"},"modified":"2026-03-04T08:45:43","modified_gmt":"2026-03-04T08:45:43","slug":"about-us","status":"publish","type":"page","link":"https:\/\/nurnil.com\/en\/about-us\/","title":{"rendered":"About Us"},"content":{"rendered":"\t\t<div data-elementor-type=\"wp-page\" data-elementor-id=\"2500\" class=\"elementor elementor-2500 elementor-2128\" data-elementor-post-type=\"page\">\n\t\t\t\t<div class=\"elementor-element elementor-element-121db3e e-con-full wd-section-stretch e-flex e-con e-parent\" data-id=\"121db3e\" data-element_type=\"container\" data-e-type=\"container\" data-settings=\"{&quot;background_background&quot;:&quot;classic&quot;}\">\n\t\t<div class=\"elementor-element elementor-element-9825dae e-flex e-con-boxed e-con e-child\" data-id=\"9825dae\" data-element_type=\"container\" data-e-type=\"container\">\n\t\t\t\t\t<div class=\"e-con-inner\">\n\t\t<div class=\"elementor-element elementor-element-01b3612 e-con-full e-flex e-con e-child\" data-id=\"01b3612\" data-element_type=\"container\" data-e-type=\"container\">\n\t\t\t\t<div class=\"elementor-element elementor-element-fa16d31 elementor-widget elementor-widget-html\" data-id=\"fa16d31\" data-element_type=\"widget\" data-e-type=\"widget\" data-widget_type=\"html.default\">\n\t\t\t\t\t<div class=\"nr-about-text-block\">\r\n  <span class=\"nr-about-kicker\">About Us<\/span>\r\n\r\n  <h1 class=\"nr-about-title\">\r\n    Nur-Nil Plastik \u2014 Reliable Production & Consistent Supply Solutions\r\n  <\/h1>\r\n\r\n  <p class=\"nr-about-lead\">\r\n    We manufacture food-grade plastic products for restaurants, hotels, catering companies and\r\n    chain brands across T\u00fcrkiye, offering custom set solutions and export operations. From production\r\n    to delivery, we provide a fast, reliable and sustainable supply model that supports uninterrupted\r\n    business operations.\r\n  <\/p>\r\n<\/div>\r\n\t\t\t\t<\/div>\n\t\t\t\t<div class=\"elementor-element elementor-element-67649f6 elementor-widget elementor-widget-wd_button\" data-id=\"67649f6\" data-element_type=\"widget\" data-e-type=\"widget\" data-widget_type=\"wd_button.default\">\n\t\t\t\t<div class=\"elementor-widget-container\">\n\t\t\t\t\t\t\t<div class=\"wd-button-wrapper text-center\" >\n\t\t\t<a class=\"btn btn-style-3d btn-shape-rectangle btn-size-default btn-color-primary btn-icon-pos-right\"  href=\"#factory\">\n\t\t\t\t<span class=\"wd-btn-text\" data-elementor-setting-key=\"text\">\n\t\t\t\t\tOUR FACTORY\t\t\t\t<\/span>\n\n\t\t\t\t\t\t\t<\/a>\n\t\t<\/div>\n\t\t\t\t\t\t<\/div>\n\t\t\t\t<\/div>\n\t\t\t\t<\/div>\n\t\t<div class=\"elementor-element elementor-element-8c772dc e-con-full e-flex e-con e-child\" data-id=\"8c772dc\" data-element_type=\"container\" data-e-type=\"container\">\n\t\t\t\t<div class=\"elementor-element elementor-element-da8420f elementor-widget elementor-widget-video\" data-id=\"da8420f\" data-element_type=\"widget\" data-e-type=\"widget\" id=\"nrAboutVideo\" data-settings=\"{&quot;youtube_url&quot;:&quot;https:\\\/\\\/www.youtube.com\\\/watch?v=cVw1QuRz0UE&amp;embeds_referring_euri=https%3A%2F%2Fnurnil.com%2F&quot;,&quot;autoplay&quot;:&quot;yes&quot;,&quot;play_on_mobile&quot;:&quot;yes&quot;,&quot;mute&quot;:&quot;yes&quot;,&quot;loop&quot;:&quot;yes&quot;,&quot;video_type&quot;:&quot;youtube&quot;,&quot;controls&quot;:&quot;yes&quot;}\" data-widget_type=\"video.default\">\n\t\t\t\t\t\t\t<div class=\"elementor-wrapper elementor-open-inline\">\n\t\t\t<div class=\"elementor-video\"><\/div>\t\t<\/div>\n\t\t\t\t\t\t<\/div>\n\t\t\t\t<\/div>\n\t\t\t\t\t<\/div>\n\t\t\t\t<\/div>\n\t\t\t\t<\/div>\n\t\t<div class=\"elementor-element elementor-element-9244e82 wd-section-stretch e-flex e-con-boxed e-con e-parent\" data-id=\"9244e82\" data-element_type=\"container\" data-e-type=\"container\">\n\t\t\t\t\t<div class=\"e-con-inner\">\n\t\t\t\t<div class=\"elementor-element elementor-element-1b95e45 elementor-widget elementor-widget-html\" data-id=\"1b95e45\" data-element_type=\"widget\" data-e-type=\"widget\" data-widget_type=\"html.default\">\n\t\t\t\t\t<section class=\"nr-about-section nr-about-vm\">\r\n  <div class=\"nr-about-vm-inner\">\r\n\r\n    <div class=\"nr-about-center-head\">\r\n      <h2>Our Vision &amp; Mission<\/h2>\r\n      <p>\r\n        At Nur-Nil, our goal is to strengthen our partners' operations with a reliable, traceable\r\n        and long-term supply model for food-grade plastic products.\r\n      <\/p>\r\n    <\/div>\r\n\r\n    <div class=\"nr-about-vm-grid\">\r\n\r\n      <!-- Vision -->\r\n      <article class=\"nr-about-vm-card\">\r\n        <div class=\"nr-about-vm-label\">Our Vision<\/div>\r\n        <h3>To become the first choice in plastic product supply.<\/h3>\r\n        <p>\r\n          We aim to build a reliable, transparent and sustainable supply network for food-grade\r\n          plastic products, both locally and globally, serving restaurants, catering companies,\r\n          hotels and chain brands.\r\n        <\/p>\r\n        <ul>\r\n          <li>A competitive and stable supply structure in international markets<\/li>\r\n          <li>Maintaining the same quality standard across all partner branches<\/li>\r\n          <li>Developing solution-oriented, long-term business partnerships<\/li>\r\n        <\/ul>\r\n      <\/article>\r\n\r\n      <!-- Mission -->\r\n      <article class=\"nr-about-vm-card\">\r\n        <div class=\"nr-about-vm-label\">Our Mission<\/div>\r\n        <h3>To provide solutions that simplify our partners' operations.<\/h3>\r\n        <p>\r\n          By combining production, stock planning, logistics and quality documentation under\r\n          one system, we aim to streamline our customers\u2019 supply processes and make them\r\n          reliable and easy to manage.\r\n        <\/p>\r\n        <ul>\r\n          <li>Providing food-grade, fully tested products<\/li>\r\n          <li>Planning shipment and stock management with a continuous-supply focus<\/li>\r\n          <li>Creating brand-specific product and packaging projects<\/li>\r\n        <\/ul>\r\n      <\/article>\r\n\r\n    <\/div>\r\n\r\n  <\/div>\r\n<\/section>\r\n\t\t\t\t<\/div>\n\t\t\t\t\t<\/div>\n\t\t\t\t<\/div>\n\t\t<div class=\"elementor-element elementor-element-334c812 wd-section-stretch e-flex e-con-boxed e-con e-parent\" data-id=\"334c812\" data-element_type=\"container\" data-e-type=\"container\">\n\t\t\t\t\t<div class=\"e-con-inner\">\n\t\t<div class=\"elementor-element elementor-element-d349047 e-con-full e-flex e-con e-child\" data-id=\"d349047\" data-element_type=\"container\" data-e-type=\"container\">\n\t\t\t\t<div class=\"elementor-element elementor-element-cc639e5 elementor-pagination-position-outside elementor-widget elementor-widget-image-carousel\" data-id=\"cc639e5\" data-element_type=\"widget\" data-e-type=\"widget\" data-settings=\"{&quot;slides_to_show&quot;:&quot;1&quot;,&quot;navigation&quot;:&quot;dots&quot;,&quot;autoplay_speed&quot;:1500,&quot;autoplay&quot;:&quot;yes&quot;,&quot;pause_on_hover&quot;:&quot;yes&quot;,&quot;pause_on_interaction&quot;:&quot;yes&quot;,&quot;infinite&quot;:&quot;yes&quot;,&quot;effect&quot;:&quot;slide&quot;,&quot;speed&quot;:500}\" data-widget_type=\"image-carousel.default\">\n\t\t\t\t\t\t\t<div class=\"elementor-image-carousel-wrapper swiper\" role=\"region\" aria-roledescription=\"carousel\" aria-label=\"Resim D\u00f6ng\u00fcs\u00fc\" dir=\"ltr\">\n\t\t\t<div class=\"elementor-image-carousel swiper-wrapper\" aria-live=\"off\">\n\t\t\t\t\t\t\t\t<div class=\"swiper-slide\" role=\"group\" aria-roledescription=\"slide\" aria-label=\"1 of 5\"><a data-elementor-open-lightbox=\"yes\" data-elementor-lightbox-slideshow=\"cc639e5\" data-elementor-lightbox-title=\"A06A0521 copy\" data-e-action-hash=\"#elementor-action%3Aaction%3Dlightbox%26settings%3DeyJpZCI6Mzk2NSwidXJsIjoiaHR0cHM6XC9cL251cm5pbC5jb21cL3dwLWNvbnRlbnRcL3VwbG9hZHNcLzIwMjZcLzAzXC9BMDZBMDUyMS1jb3B5LXNjYWxlZC5qcGciLCJzbGlkZXNob3ciOiJjYzYzOWU1In0%3D\" href=\"https:\/\/nurnil.com\/wp-content\/uploads\/2026\/03\/A06A0521-copy-scaled.jpg\"><figure class=\"swiper-slide-inner\"><img decoding=\"async\" class=\"swiper-slide-image\" src=\"https:\/\/nurnil.com\/wp-content\/uploads\/elementor\/thumbs\/A06A0521-copy-scaled-rjww03ipsrpaaggdqxaspk7uta9a36hvs3ap2d9m5s.jpg\" alt=\"A06A0521 copy\" \/><\/figure><\/a><\/div><div class=\"swiper-slide\" role=\"group\" aria-roledescription=\"slide\" aria-label=\"2 of 5\"><a data-elementor-open-lightbox=\"yes\" data-elementor-lightbox-slideshow=\"cc639e5\" data-elementor-lightbox-title=\"A1\" data-e-action-hash=\"#elementor-action%3Aaction%3Dlightbox%26settings%3DeyJpZCI6Mzk2NywidXJsIjoiaHR0cHM6XC9cL251cm5pbC5jb21cL3dwLWNvbnRlbnRcL3VwbG9hZHNcLzIwMjZcLzAzXC9BMS1zY2FsZWQuanBnIiwic2xpZGVzaG93IjoiY2M2MzllNSJ9\" href=\"https:\/\/nurnil.com\/wp-content\/uploads\/2026\/03\/A1-scaled.jpg\"><figure class=\"swiper-slide-inner\"><img decoding=\"async\" class=\"swiper-slide-image\" src=\"https:\/\/nurnil.com\/wp-content\/uploads\/elementor\/thumbs\/A1-scaled-rjww3mexfeizttc25y5fk6730avtybhn9jd8uq1gts.jpg\" alt=\"A1\" \/><\/figure><\/a><\/div><div class=\"swiper-slide\" role=\"group\" aria-roledescription=\"slide\" aria-label=\"3 of 5\"><a data-elementor-open-lightbox=\"yes\" data-elementor-lightbox-slideshow=\"cc639e5\" data-elementor-lightbox-title=\"A06A0595 copy\" data-e-action-hash=\"#elementor-action%3Aaction%3Dlightbox%26settings%3DeyJpZCI6Mzk2OSwidXJsIjoiaHR0cHM6XC9cL251cm5pbC5jb21cL3dwLWNvbnRlbnRcL3VwbG9hZHNcLzIwMjZcLzAzXC9BMDZBMDU5NS1jb3B5LXNjYWxlZC5qcGciLCJzbGlkZXNob3ciOiJjYzYzOWU1In0%3D\" href=\"https:\/\/nurnil.com\/wp-content\/uploads\/2026\/03\/A06A0595-copy-scaled.jpg\"><figure class=\"swiper-slide-inner\"><img decoding=\"async\" class=\"swiper-slide-image\" src=\"https:\/\/nurnil.com\/wp-content\/uploads\/elementor\/thumbs\/A06A0595-copy-scaled-rjww9bbqtabi4t2exeq3nqhkiatukc34ppl3h1ln5c.jpg\" alt=\"A06A0595 copy\" \/><\/figure><\/a><\/div><div class=\"swiper-slide\" role=\"group\" aria-roledescription=\"slide\" aria-label=\"4 of 5\"><a data-elementor-open-lightbox=\"yes\" data-elementor-lightbox-slideshow=\"cc639e5\" data-elementor-lightbox-title=\"A06A0776 copy\" data-e-action-hash=\"#elementor-action%3Aaction%3Dlightbox%26settings%3DeyJpZCI6Mzk3MSwidXJsIjoiaHR0cHM6XC9cL251cm5pbC5jb21cL3dwLWNvbnRlbnRcL3VwbG9hZHNcLzIwMjZcLzAzXC9BMDZBMDc3Ni1jb3B5LXNjYWxlZC5qcGciLCJzbGlkZXNob3ciOiJjYzYzOWU1In0%3D\" href=\"https:\/\/nurnil.com\/wp-content\/uploads\/2026\/03\/A06A0776-copy-scaled.jpg\"><figure class=\"swiper-slide-inner\"><img decoding=\"async\" class=\"swiper-slide-image\" src=\"https:\/\/nurnil.com\/wp-content\/uploads\/elementor\/thumbs\/A06A0776-copy-scaled-rjwwd5i0pxknjhhpikg9c9mbtxwszubo8phh0pwrqo.jpg\" alt=\"A06A0776 copy\" \/><\/figure><\/a><\/div><div class=\"swiper-slide\" role=\"group\" aria-roledescription=\"slide\" aria-label=\"5 of 5\"><a data-elementor-open-lightbox=\"yes\" data-elementor-lightbox-slideshow=\"cc639e5\" data-elementor-lightbox-title=\"A06A0599 copy\" data-e-action-hash=\"#elementor-action%3Aaction%3Dlightbox%26settings%3DeyJpZCI6Mzk3MywidXJsIjoiaHR0cHM6XC9cL251cm5pbC5jb21cL3dwLWNvbnRlbnRcL3VwbG9hZHNcLzIwMjZcLzAzXC9BMDZBMDU5OS1jb3B5LXNjYWxlZC5qcGciLCJzbGlkZXNob3ciOiJjYzYzOWU1In0%3D\" href=\"https:\/\/nurnil.com\/wp-content\/uploads\/2026\/03\/A06A0599-copy-scaled.jpg\"><figure class=\"swiper-slide-inner\"><img decoding=\"async\" class=\"swiper-slide-image\" src=\"https:\/\/nurnil.com\/wp-content\/uploads\/elementor\/thumbs\/A06A0599-copy-scaled-rjwwfz0l81fmdde91sbytk03zk0g35iomnxwulq92o.jpg\" alt=\"A06A0599 copy\" \/><\/figure><\/a><\/div>\t\t\t<\/div>\n\t\t\t\t\t\t\t\n\t\t\t\t\t\t\t\t\t<div class=\"swiper-pagination\"><\/div>\n\t\t\t\t\t\t\t\t\t<\/div>\n\t\t\t\t\t\t<\/div>\n\t\t\t\t<\/div>\n\t\t<div class=\"elementor-element elementor-element-83cf464 e-con-full e-flex e-con e-child\" data-id=\"83cf464\" data-element_type=\"container\" data-e-type=\"container\">\n\t\t\t\t<div class=\"elementor-element elementor-element-f59b00c elementor-widget elementor-widget-html\" data-id=\"f59b00c\" data-element_type=\"widget\" data-e-type=\"widget\" data-widget_type=\"html.default\">\n\t\t\t\t\t<div class=\"nr-bk\">\r\n  <div class=\"nr-bk-text\">\r\n    <h2>Who Are We?<\/h2>\r\n\r\n    <p>\r\n      Nur-Nil Plastik is a manufacturer and supplier producing food-grade plastic products\r\n      in its facilities located in Istanbul, offering sustainable supply solutions for\r\n      restaurants, catering companies, hotels, chain brands and export clients.\r\n    <\/p>\r\n\r\n    <p>\r\n      With our wide product range \u2014 including forks, knives, spoons, cups, containers,\r\n      bowls, stirrers and custom set products \u2014 we build traceable and uninterrupted\r\n      supply models that help accelerate our partners\u2019 operations.\r\n    <\/p>\r\n\r\n    <div class=\"nr-bk-stats\">\r\n\r\n      <!-- STAT 1 -->\r\n      <div class=\"nr-bk-stat\">\r\n        <p class=\"nr-bk-stat-label\">Experience<\/p>\r\n        <p class=\"nr-bk-stat-main\">25+ years<\/p>\r\n        <p class=\"nr-bk-stat-sub\">Expertise in plastic product manufacturing and supply<\/p>\r\n      <\/div>\r\n\r\n      <!-- STAT 2 -->\r\n      <div class=\"nr-bk-stat\">\r\n        <p class=\"nr-bk-stat-main\">100+<\/p>\r\n        <p class=\"nr-bk-stat-sub\">active business partners<\/p>\r\n      <\/div>\r\n\r\n      <!-- STAT 3 -->\r\n      <div class=\"nr-bk-stat\">\r\n        <p class=\"nr-bk-stat-main\">20+<\/p>\r\n        <p class=\"nr-bk-stat-sub\">countries supplied<\/p>\r\n      <\/div>\r\n\r\n    <\/div>\r\n\r\n    <p class=\"nr-bk-note\">\r\n      Nur-Nil continuously improves its product range and production technology\r\n      by working with national and international chain brands.\r\n    <\/p>\r\n  <\/div>\r\n<\/div>\r\n\t\t\t\t<\/div>\n\t\t\t\t<\/div>\n\t\t\t\t\t<\/div>\n\t\t\t\t<\/div>\n\t\t<div class=\"elementor-element elementor-element-1345db9 wd-section-stretch e-flex e-con-boxed e-con e-parent\" data-id=\"1345db9\" data-element_type=\"container\" data-e-type=\"container\" data-settings=\"{&quot;background_background&quot;:&quot;classic&quot;}\">\n\t\t\t\t\t<div class=\"e-con-inner\">\n\t\t<div class=\"elementor-element elementor-element-95b5cdd e-con-full e-flex e-con e-child\" data-id=\"95b5cdd\" data-element_type=\"container\" data-e-type=\"container\">\n\t\t\t\t<div class=\"elementor-element elementor-element-5d6bc33 elementor-widget elementor-widget-html\" data-id=\"5d6bc33\" data-element_type=\"widget\" data-e-type=\"widget\" data-widget_type=\"html.default\">\n\t\t\t\t\t<section class=\"nr-uk-section\">\r\n  <div class=\"nr-uk-grid\">\r\n\r\n    <!-- Left -->\r\n    <div class=\"nr-uk-text\">\r\n      <h2>Our production and quality approach.<\/h2>\r\n\r\n      <p>\r\n        We manufacture all our products using food-grade raw materials that have passed\r\n        compliance tests, supported by fully documented and traceable processes.\r\n        Our production stages are structured around the principles of\r\n        <strong>traceability, hygiene, durability, and consistency<\/strong>.\r\n      <\/p>\r\n\r\n      <ul class=\"nr-uk-list\">\r\n        <li>Regular food-contact controls with migration and heavy metal tests<\/li>\r\n        <li>Production and documentation processes aligned with ISO standards<\/li>\r\n        <li>Testing and reporting procedures compliant with European Union norms<\/li>\r\n        <li>A continuity-focused approach in stock management and shipment planning<\/li>\r\n      <\/ul>\r\n\r\n      <p>\r\n        This enables us to provide a high-standard and sustainable supply model for all partners \u2014\r\n        from large chain restaurants to independent businesses.\r\n      <\/p>\r\n    <\/div>\r\n\r\n    <!-- Right -->\r\n    <div class=\"nr-uk-panel\">\r\n      <div class=\"nr-uk-panel-head\">Quality assurance<\/div>\r\n      <div class=\"nr-uk-panel-body\">\r\n        <p>\r\n          In Nur-Nil production facilities, products are regularly sampled at critical control points\r\n          and tested in laboratory environments. Before every shipment, our quality team inspects products\r\n          in line with <strong>customer specifications and legal requirements<\/strong>.\r\n        <\/p>\r\n        <p>\r\n          For partners who request it, we provide shipment-specific test reports and certification files,\r\n          ensuring transparent processes during audits, inspections, and trial productions.\r\n        <\/p>\r\n      <\/div>\r\n    <\/div>\r\n\r\n  <\/div>\r\n<\/section>\r\n\t\t\t\t<\/div>\n\t\t\t\t<\/div>\n\t\t\t\t\t<\/div>\n\t\t\t\t<\/div>\n\t\t<div class=\"elementor-element elementor-element-17036cf wd-section-stretch e-flex e-con-boxed e-con e-parent\" data-id=\"17036cf\" data-element_type=\"container\" data-e-type=\"container\" data-settings=\"{&quot;background_background&quot;:&quot;classic&quot;}\">\n\t\t\t\t\t<div class=\"e-con-inner\">\n\t\t<div class=\"elementor-element elementor-element-90d4a2a e-con-full e-flex e-con e-child\" data-id=\"90d4a2a\" data-element_type=\"container\" data-e-type=\"container\">\n\t\t\t\t<div class=\"elementor-element elementor-element-c315faa elementor-widget elementor-widget-heading\" data-id=\"c315faa\" data-element_type=\"widget\" data-e-type=\"widget\" id=\"factory\" data-widget_type=\"heading.default\">\n\t\t\t\t\t<h2 class=\"elementor-heading-title elementor-size-default\">OUR FACTORY<\/h2>\t\t\t\t<\/div>\n\t\t\t\t<div class=\"elementor-element elementor-element-ef2ecd8 gallery-spacing-custom elementor-widget elementor-widget-image-gallery\" data-id=\"ef2ecd8\" data-element_type=\"widget\" data-e-type=\"widget\" data-widget_type=\"image-gallery.default\">\n\t\t\t\t\t\t\t<div class=\"elementor-image-gallery\">\n\t\t\t\n\t\t<style type=\"text\/css\">\n\t\t\t#gallery-1 {\n\t\t\t\tmargin: auto;\n\t\t\t}\n\t\t\t#gallery-1 .gallery-item {\n\t\t\t\tfloat: left;\n\t\t\t\tmargin-top: 10px;\n\t\t\t\ttext-align: center;\n\t\t\t\twidth: 33%;\n\t\t\t}\n\t\t\t#gallery-1 img {\n\t\t\t\tborder: 2px solid #cfcfcf;\n\t\t\t}\n\t\t\t#gallery-1 .gallery-caption {\n\t\t\t\tmargin-left: 0;\n\t\t\t}\n\t\t\t\/* see gallery_shortcode() in wp-includes\/media.php *\/\n\t\t<\/style>\n\t\t<div id='gallery-1' class='gallery galleryid-2500 gallery-columns-3 gallery-size-medium_large'><dl class='gallery-item'>\n\t\t\t<dt class='gallery-icon landscape'>\n\t\t\t\t<a data-elementor-open-lightbox=\"yes\" data-elementor-lightbox-slideshow=\"ef2ecd8\" data-elementor-lightbox-title=\"000001\" data-e-action-hash=\"#elementor-action%3Aaction%3Dlightbox%26settings%3DeyJpZCI6Mzk1OSwidXJsIjoiaHR0cHM6XC9cL251cm5pbC5jb21cL3dwLWNvbnRlbnRcL3VwbG9hZHNcLzIwMjZcLzAzXC8wMDAwMDEtc2NhbGVkLmpwZyIsInNsaWRlc2hvdyI6ImVmMmVjZDgifQ%3D%3D\" href='https:\/\/nurnil.com\/wp-content\/uploads\/2026\/03\/000001-scaled.jpg'><img loading=\"lazy\" decoding=\"async\" width=\"768\" height=\"431\" src=\"https:\/\/nurnil.com\/wp-content\/uploads\/2026\/03\/000001-768x431.jpg\" class=\"attachment-medium_large size-medium_large\" alt=\"\" srcset=\"https:\/\/nurnil.com\/wp-content\/uploads\/2026\/03\/000001-768x431.jpg 768w, https:\/\/nurnil.com\/wp-content\/uploads\/2026\/03\/000001-400x225.jpg 400w, https:\/\/nurnil.com\/wp-content\/uploads\/2026\/03\/000001-1300x730.jpg 1300w, https:\/\/nurnil.com\/wp-content\/uploads\/2026\/03\/000001-1536x862.jpg 1536w, https:\/\/nurnil.com\/wp-content\/uploads\/2026\/03\/000001-2048x1149.jpg 2048w, https:\/\/nurnil.com\/wp-content\/uploads\/2026\/03\/000001-430x241.jpg 430w, https:\/\/nurnil.com\/wp-content\/uploads\/2026\/03\/000001-700x393.jpg 700w, https:\/\/nurnil.com\/wp-content\/uploads\/2026\/03\/000001-150x84.jpg 150w\" sizes=\"auto, (max-width: 768px) 100vw, 768px\" \/><\/a>\n\t\t\t<\/dt><\/dl><dl class='gallery-item'>\n\t\t\t<dt class='gallery-icon landscape'>\n\t\t\t\t<a data-elementor-open-lightbox=\"yes\" data-elementor-lightbox-slideshow=\"ef2ecd8\" data-elementor-lightbox-title=\"00002\" data-e-action-hash=\"#elementor-action%3Aaction%3Dlightbox%26settings%3DeyJpZCI6Mzk2MSwidXJsIjoiaHR0cHM6XC9cL251cm5pbC5jb21cL3dwLWNvbnRlbnRcL3VwbG9hZHNcLzIwMjZcLzAzXC8wMDAwMi1zY2FsZWQuanBnIiwic2xpZGVzaG93IjoiZWYyZWNkOCJ9\" href='https:\/\/nurnil.com\/wp-content\/uploads\/2026\/03\/00002-scaled.jpg'><img loading=\"lazy\" decoding=\"async\" width=\"768\" height=\"431\" src=\"https:\/\/nurnil.com\/wp-content\/uploads\/2026\/03\/00002-768x431.jpg\" class=\"attachment-medium_large size-medium_large\" alt=\"\" srcset=\"https:\/\/nurnil.com\/wp-content\/uploads\/2026\/03\/00002-768x431.jpg 768w, https:\/\/nurnil.com\/wp-content\/uploads\/2026\/03\/00002-400x225.jpg 400w, https:\/\/nurnil.com\/wp-content\/uploads\/2026\/03\/00002-1300x730.jpg 1300w, https:\/\/nurnil.com\/wp-content\/uploads\/2026\/03\/00002-1536x862.jpg 1536w, https:\/\/nurnil.com\/wp-content\/uploads\/2026\/03\/00002-2048x1149.jpg 2048w, https:\/\/nurnil.com\/wp-content\/uploads\/2026\/03\/00002-430x241.jpg 430w, https:\/\/nurnil.com\/wp-content\/uploads\/2026\/03\/00002-700x393.jpg 700w, https:\/\/nurnil.com\/wp-content\/uploads\/2026\/03\/00002-150x84.jpg 150w\" sizes=\"auto, (max-width: 768px) 100vw, 768px\" \/><\/a>\n\t\t\t<\/dt><\/dl><dl class='gallery-item'>\n\t\t\t<dt class='gallery-icon portrait'>\n\t\t\t\t<a data-elementor-open-lightbox=\"yes\" data-elementor-lightbox-slideshow=\"ef2ecd8\" data-elementor-lightbox-title=\"A06A0670 copy\" data-e-action-hash=\"#elementor-action%3Aaction%3Dlightbox%26settings%3DeyJpZCI6Mzk3NSwidXJsIjoiaHR0cHM6XC9cL251cm5pbC5jb21cL3dwLWNvbnRlbnRcL3VwbG9hZHNcLzIwMjZcLzAzXC9BMDZBMDY3MC1jb3B5LXNjYWxlZC5qcGciLCJzbGlkZXNob3ciOiJlZjJlY2Q4In0%3D\" href='https:\/\/nurnil.com\/wp-content\/uploads\/2026\/03\/A06A0670-copy-scaled.jpg'><img loading=\"lazy\" decoding=\"async\" width=\"768\" height=\"1152\" src=\"https:\/\/nurnil.com\/wp-content\/uploads\/2026\/03\/A06A0670-copy-768x1152.jpg\" class=\"attachment-medium_large size-medium_large\" alt=\"\" srcset=\"https:\/\/nurnil.com\/wp-content\/uploads\/2026\/03\/A06A0670-copy-768x1152.jpg 768w, https:\/\/nurnil.com\/wp-content\/uploads\/2026\/03\/A06A0670-copy-200x300.jpg 200w, https:\/\/nurnil.com\/wp-content\/uploads\/2026\/03\/A06A0670-copy-533x800.jpg 533w, https:\/\/nurnil.com\/wp-content\/uploads\/2026\/03\/A06A0670-copy-1024x1536.jpg 1024w, https:\/\/nurnil.com\/wp-content\/uploads\/2026\/03\/A06A0670-copy-1365x2048.jpg 1365w, https:\/\/nurnil.com\/wp-content\/uploads\/2026\/03\/A06A0670-copy-430x645.jpg 430w, https:\/\/nurnil.com\/wp-content\/uploads\/2026\/03\/A06A0670-copy-700x1050.jpg 700w, https:\/\/nurnil.com\/wp-content\/uploads\/2026\/03\/A06A0670-copy-150x225.jpg 150w, https:\/\/nurnil.com\/wp-content\/uploads\/2026\/03\/A06A0670-copy-scaled.jpg 1707w\" sizes=\"auto, (max-width: 768px) 100vw, 768px\" \/><\/a>\n\t\t\t<\/dt><\/dl><br style=\"clear: both\" \/>\n\t\t<\/div>\n\t\t<\/div>\n\t\t\t\t\t\t<\/div>\n\t\t\t\t<\/div>\n\t\t\t\t\t<\/div>\n\t\t\t\t<\/div>\n\t\t\t\t<\/div>\n\t\t","protected":false},"excerpt":{"rendered":"<p>About Us Nur-Nil Plastik \u2014 Reliable Production &#038; Consistent Supply Solutions We manufacture food-grade plastic products for restaurants, hotels, catering<\/p>\n","protected":false},"author":1,"featured_media":0,"parent":0,"menu_order":0,"comment_status":"closed","ping_status":"closed","template":"","meta":{"footnotes":""},"class_list":["post-2500","page","type-page","status-publish","hentry"],"_links":{"self":[{"href":"https:\/\/nurnil.com\/en\/wp-json\/wp\/v2\/pages\/2500","targetHints":{"allow":["GET"]}}],"collection":[{"href":"https:\/\/nurnil.com\/en\/wp-json\/wp\/v2\/pages"}],"about":[{"href":"https:\/\/nurnil.com\/en\/wp-json\/wp\/v2\/types\/page"}],"author":[{"embeddable":true,"href":"https:\/\/nurnil.com\/en\/wp-json\/wp\/v2\/users\/1"}],"replies":[{"embeddable":true,"href":"https:\/\/nurnil.com\/en\/wp-json\/wp\/v2\/comments?post=2500"}],"version-history":[{"count":7,"href":"https:\/\/nurnil.com\/en\/wp-json\/wp\/v2\/pages\/2500\/revisions"}],"predecessor-version":[{"id":3995,"href":"https:\/\/nurnil.com\/en\/wp-json\/wp\/v2\/pages\/2500\/revisions\/3995"}],"wp:attachment":[{"href":"https:\/\/nurnil.com\/en\/wp-json\/wp\/v2\/media?parent=2500"}],"curies":[{"name":"wp","href":"https:\/\/api.w.org\/{rel}","templated":true}]}}